{"id":3680,"date":"2022-08-04T10:45:21","date_gmt":"2022-08-04T09:45:21","guid":{"rendered":"https:\/\/www.solprovit.com\/?page_id=3680"},"modified":"2026-03-27T11:34:27","modified_gmt":"2026-03-27T10:34:27","slug":"werken-bij","status":"publish","type":"page","link":"https:\/\/www.solprovit.com\/nl\/wie-wij-zijn\/werken-bij\/","title":{"rendered":"Werken bij"},"content":{"rendered":"\n<p>Op zoek naar een uitdagende baan binnen een dynamisch familiebedrijf met volop mogelijkheden voor eigen initiatief en ondernemerschap? Ge\u00efnteresseerd in een loopbaan bij Solprovit?  Wacht niet langer, wij zijn regelmatig op zoek naar nieuwe collega\u2019s.<\/p>\n\n\n\n<h2 class=\"wp-block-heading\">De actuele vacatures bij Solprovit:<\/h2>\n\n\n            <div class=\"krasitwp-block-index-item-wrapper\">\n            <ul class=\"krasitwp-block-index\"><li>    <article id=\"post-4675\" class=\"krasitwp-block-index-item post-4675 page type-page status-publish has-post-thumbnail hentry\">\n        \n        <header><h1 class=\"excerpt-title-multiline-2\"><a href=\"https:\/\/www.solprovit.com\/nl\/wie-wij-zijn\/werken-bij\/commercieel-technisch-specialist-varkenshouderij\/\" rel=\"bookmark\">Commercieel Technisch<br>Specialist Varkenshouderij<\/a><\/h1><\/header>                                <figure>\n                <a href=\"https:\/\/www.solprovit.com\/nl\/wie-wij-zijn\/werken-bij\/commercieel-technisch-specialist-varkenshouderij\/\">\n                    <img decoding=\"async\" src=\"https:\/\/www.solprovit.com\/wp-content\/uploads\/2025\/09\/Commercieel-Technisch-Specialist-Varkenshouderij.jpg\" alt=\"\u00a0Commercieel Technisch Specialist Varkenshouderij\u00a0\">\n                <\/a>\n                            <\/figure>\n                <div class=\"content\">\n            <p>Ben jij commercieel, ondernemend \u00e9n heb je kennis van de varkenshouderij? Dan zijn wij op zoek naar jou als Commercieel Technisch Specialist Varkenshouderij.\u00a0<\/p>\n        <\/div>\n        <footer>\n            <a href=\"https:\/\/www.solprovit.com\/nl\/wie-wij-zijn\/werken-bij\/commercieel-technisch-specialist-varkenshouderij\/\">\n                Lees meer            <\/a>\n        <\/footer>\n    <\/article>\n    <\/li><li>    <article id=\"post-4461\" class=\"krasitwp-block-index-item post-4461 page type-page status-publish has-post-thumbnail hentry\">\n        \n        <header><h1 class=\"excerpt-title-single excerpt-title-multiline-2\"><a href=\"https:\/\/www.solprovit.com\/nl\/wie-wij-zijn\/werken-bij\/operator\/\" rel=\"bookmark\">Allround Operator<\/a><\/h1><\/header>                                <figure>\n                <a href=\"https:\/\/www.solprovit.com\/nl\/wie-wij-zijn\/werken-bij\/operator\/\">\n                    <img decoding=\"async\" src=\"https:\/\/www.solprovit.com\/wp-content\/uploads\/2026\/03\/Operator-vacature-Solprovit.jpg\" alt=\"Allround Operator\">\n                <\/a>\n                            <\/figure>\n                <div class=\"content\">\n            <p>Als Operator bij Solprovit wil jij het beste uit het productieproces halen. Je werkt met nieuwe machines in een hypermoderne fabriek. <\/p>\n        <\/div>\n        <footer>\n            <a href=\"https:\/\/www.solprovit.com\/nl\/wie-wij-zijn\/werken-bij\/operator\/\">\n                Lees meer            <\/a>\n        <\/footer>\n    <\/article>\n    <\/li><li>    <article id=\"post-4479\" class=\"krasitwp-block-index-item post-4479 page type-page status-publish has-post-thumbnail hentry\">\n        \n        <header><h1 class=\"excerpt-title-multiline-2\"><a href=\"https:\/\/www.solprovit.com\/nl\/wie-wij-zijn\/werken-bij\/magazijnmedewerker\/\" rel=\"bookmark\">Magazijnmedewerker \/<br>Heftruckchauffeur<\/a><\/h1><\/header>                                <figure>\n                <a href=\"https:\/\/www.solprovit.com\/nl\/wie-wij-zijn\/werken-bij\/magazijnmedewerker\/\">\n                    <img decoding=\"async\" src=\"https:\/\/www.solprovit.com\/wp-content\/uploads\/2026\/03\/Magazijn-Heftruck-Solprovit.jpg\" alt=\"Magazijnmedewerker \/ Heftruckchauffeur\">\n                <\/a>\n                            <\/figure>\n                <div class=\"content\">\n            <p>Als Magazijnmedewerker ben je een belangrijk onderdeel van ons team. Je krijgt een afwisselende en uitdagende functie binnen ons no-nonsense familiebedrijf. <\/p>\n        <\/div>\n        <footer>\n            <a href=\"https:\/\/www.solprovit.com\/nl\/wie-wij-zijn\/werken-bij\/magazijnmedewerker\/\">\n                Lees meer            <\/a>\n        <\/footer>\n    <\/article>\n    <\/li><li>    <article id=\"post-4488\" class=\"krasitwp-block-index-item post-4488 page type-page status-publish has-post-thumbnail hentry\">\n        \n        <header><h1 class=\"excerpt-title-single excerpt-title-multiline-2\"><a href=\"https:\/\/www.solprovit.com\/nl\/wie-wij-zijn\/werken-bij\/expeditiemedewerker\/\" rel=\"bookmark\">Expeditiemedewerker<\/a><\/h1><\/header>                                <figure>\n                <a href=\"https:\/\/www.solprovit.com\/nl\/wie-wij-zijn\/werken-bij\/expeditiemedewerker\/\">\n                    <img decoding=\"async\" src=\"https:\/\/www.solprovit.com\/wp-content\/uploads\/2026\/03\/Expeditie-medewerker.jpg\" alt=\"Expeditiemedewerker\">\n                <\/a>\n                            <\/figure>\n                <div class=\"content\">\n            <p>Als Expeditiemedewerker ben je verantwoordelijk voor de optimale administratieve logistieke afhandeling van onze producten.<\/p>\n        <\/div>\n        <footer>\n            <a href=\"https:\/\/www.solprovit.com\/nl\/wie-wij-zijn\/werken-bij\/expeditiemedewerker\/\">\n                Lees meer            <\/a>\n        <\/footer>\n    <\/article>\n    <\/li><li>    <article id=\"post-4495\" class=\"krasitwp-block-index-item post-4495 page type-page status-publish has-post-thumbnail hentry\">\n        \n        <header><h1 class=\"excerpt-title-multiline-2\"><a href=\"https:\/\/www.solprovit.com\/nl\/wie-wij-zijn\/werken-bij\/open-sollicitatie\/\" rel=\"bookmark\">Stuur een<br>open sollicitatie<\/a><\/h1><\/header>                                <figure>\n                <a href=\"https:\/\/www.solprovit.com\/nl\/wie-wij-zijn\/werken-bij\/open-sollicitatie\/\">\n                    <img decoding=\"async\" src=\"https:\/\/www.solprovit.com\/wp-content\/uploads\/2026\/03\/Open-sollicitatie.jpg\" alt=\"Open sollicitatie\">\n                <\/a>\n                            <\/figure>\n                <div class=\"content\">\n            <p>Onze aanpak kenmerkt zich in \u201cprofessionele eenvoud\u201d. Wij streven er naar om absolute professionals te zijn in alles wat we doen.<\/p>\n        <\/div>\n        <footer>\n            <a href=\"https:\/\/www.solprovit.com\/nl\/wie-wij-zijn\/werken-bij\/open-sollicitatie\/\">\n                Lees meer            <\/a>\n        <\/footer>\n    <\/article>\n    <\/li><\/ul>        <\/div>\n                \n\n\n\n<h2 class=\"wp-block-heading\">Meer weten over werken bij Solprovit?<\/h2>\n\n\n\n<p>Ben je op zoek naar een nieuwe uitdaging, ben je ge\u00efnteresseerd in een loopbaan bij Solprovit of wil je meer weten over \u00e9\u00e9n van onze vakgebieden? Solprovit is als jonge en dynamische onderneming altijd benieuwd of jij, als nieuwe collega, in het team zou kunnen passen.<\/p>\n\n\n\n<p>We nodigen je graag uit om contact met ons op te nemen als je denkt dat een loopbaan bij Solprovit past bij jouw toekomstplannen. We zitten voor je klaar om je vragen te beantwoorden en je te voorzien van tips en adviezen waar het gaat om succesvolle carri\u00e8re binnen ons vakgebied.<\/p>\n\n\n\n<p>Bel \/ app met Jelle: 06 339 367 26 of stuur een mail naar: <a href=\"mailto:info@solprovit.com\">info@solprovit.com<\/a><br><em>Aquisitie n.a.v. onze vacatures wordt niet op prijs gesteld!<\/em><\/p>\n","protected":false},"excerpt":{"rendered":"<p>Op zoek naar een uitdagende baan binnen een dynamisch familiebedrijf met volop mogelijkheden voor eigen initiatief en ondernemerschap? Ge\u00efnteresseerd in [&hellip;]<\/p>\n","protected":false},"author":3,"featured_media":0,"parent":2750,"menu_order":4,"comment_status":"closed","ping_status":"closed","template":"","meta":{"_acf_changed":false,"site-sidebar-layout":"no-sidebar","site-content-layout":"","ast-site-content-layout":"default","site-content-style":"default","site-sidebar-style":"default","ast-global-header-display":"","ast-banner-title-visibility":"","ast-main-header-display":"","ast-hfb-above-header-display":"","ast-hfb-below-header-display":"","ast-hfb-mobile-header-display":"","site-post-title":"","ast-breadcrumbs-content":"","ast-featured-img":"","footer-sml-layout":"","ast-disable-related-posts":"","theme-transparent-header-meta":"","adv-header-id-meta":"","stick-header-meta":"","header-above-stick-meta":"","header-main-stick-meta":"","header-below-stick-meta":"","astra-migrate-meta-layouts":"set","ast-page-background-enabled":"default","ast-page-background-meta":{"desktop":{"background-color":"","background-image":"","background-repeat":"repeat","background-position":"center center","background-size":"auto","background-attachment":"scroll","background-type":"","background-media":"","overlay-type":"","overlay-color":"","overlay-opacity":"","overlay-gradient":""},"tablet":{"background-color":"","background-image":"","background-repeat":"repeat","background-position":"center center","background-size":"auto","background-attachment":"scroll","background-type":"","background-media":"","overlay-type":"","overlay-color":"","overlay-opacity":"","overlay-gradient":""},"mobile":{"background-color":"","background-image":"","background-repeat":"repeat","background-position":"center center","background-size":"auto","background-attachment":"scroll","background-type":"","background-media":"","overlay-type":"","overlay-color":"","overlay-opacity":"","overlay-gradient":""}},"ast-content-background-meta":{"desktop":{"background-color":"var(--ast-global-color-5)","background-image":"","background-repeat":"repeat","background-position":"center center","background-size":"auto","background-attachment":"scroll","background-type":"","background-media":"","overlay-type":"","overlay-color":"","overlay-opacity":"","overlay-gradient":""},"tablet":{"background-color":"var(--ast-global-color-5)","background-image":"","background-repeat":"repeat","background-position":"center center","background-size":"auto","background-attachment":"scroll","background-type":"","background-media":"","overlay-type":"","overlay-color":"","overlay-opacity":"","overlay-gradient":""},"mobile":{"background-color":"var(--ast-global-color-5)","background-image":"","background-repeat":"repeat","background-position":"center center","background-size":"auto","background-attachment":"scroll","background-type":"","background-media":"","overlay-type":"","overlay-color":"","overlay-opacity":"","overlay-gradient":""}},"footnotes":""},"class_list":["post-3680","page","type-page","status-publish","hentry"],"acf":[],"yoast_head":"<!-- This site is optimized with the Yoast SEO plugin v27.1.1 - https:\/\/yoast.com\/product\/yoast-seo-wordpress\/ -->\n<title>Werken bij - Solprovit<\/title>\n<meta name=\"robots\" content=\"index, follow, max-snippet:-1, max-image-preview:large, max-video-preview:-1\" \/>\n<link rel=\"canonical\" href=\"https:\/\/www.solprovit.com\/nl\/wie-wij-zijn\/werken-bij\/\" \/>\n<meta property=\"og:locale\" content=\"nl_NL\" \/>\n<meta property=\"og:type\" content=\"article\" \/>\n<meta property=\"og:title\" content=\"Werken bij - Solprovit\" \/>\n<meta property=\"og:description\" content=\"Op zoek naar een uitdagende baan binnen een dynamisch familiebedrijf met volop mogelijkheden voor eigen initiatief en ondernemerschap? Ge\u00efnteresseerd in [&hellip;]\" \/>\n<meta property=\"og:url\" content=\"https:\/\/www.solprovit.com\/nl\/wie-wij-zijn\/werken-bij\/\" \/>\n<meta property=\"og:site_name\" content=\"Solprovit\" \/>\n<meta property=\"article:modified_time\" content=\"2026-03-27T10:34:27+00:00\" \/>\n<meta name=\"twitter:card\" content=\"summary_large_image\" \/>\n<meta name=\"twitter:label1\" content=\"Geschatte leestijd\" \/>\n\t<meta name=\"twitter:data1\" content=\"1 minuut\" \/>\n<script type=\"application\/ld+json\" class=\"yoast-schema-graph\">{\"@context\":\"https:\/\/schema.org\",\"@graph\":[{\"@type\":\"WebPage\",\"@id\":\"https:\/\/www.solprovit.com\/nl\/wie-wij-zijn\/werken-bij\/\",\"url\":\"https:\/\/www.solprovit.com\/nl\/wie-wij-zijn\/werken-bij\/\",\"name\":\"Werken bij - Solprovit\",\"isPartOf\":{\"@id\":\"https:\/\/www.solprovit.com\/nl\/#website\"},\"datePublished\":\"2022-08-04T09:45:21+00:00\",\"dateModified\":\"2026-03-27T10:34:27+00:00\",\"breadcrumb\":{\"@id\":\"https:\/\/www.solprovit.com\/nl\/wie-wij-zijn\/werken-bij\/#breadcrumb\"},\"inLanguage\":\"nl-NL\",\"potentialAction\":[{\"@type\":\"ReadAction\",\"target\":[\"https:\/\/www.solprovit.com\/nl\/wie-wij-zijn\/werken-bij\/\"]}]},{\"@type\":\"BreadcrumbList\",\"@id\":\"https:\/\/www.solprovit.com\/nl\/wie-wij-zijn\/werken-bij\/#breadcrumb\",\"itemListElement\":[{\"@type\":\"ListItem\",\"position\":1,\"name\":\"Home\",\"item\":\"https:\/\/www.solprovit.com\/nl\/\"},{\"@type\":\"ListItem\",\"position\":2,\"name\":\"Wie wij zijn\",\"item\":\"https:\/\/www.solprovit.com\/nl\/wie-wij-zijn\/\"},{\"@type\":\"ListItem\",\"position\":3,\"name\":\"Werken bij\"}]},{\"@type\":\"WebSite\",\"@id\":\"https:\/\/www.solprovit.com\/nl\/#website\",\"url\":\"https:\/\/www.solprovit.com\/nl\/\",\"name\":\"Solprovit\",\"description\":\"\",\"publisher\":{\"@id\":\"https:\/\/www.solprovit.com\/nl\/#organization\"},\"potentialAction\":[{\"@type\":\"SearchAction\",\"target\":{\"@type\":\"EntryPoint\",\"urlTemplate\":\"https:\/\/www.solprovit.com\/nl\/?s={search_term_string}\"},\"query-input\":{\"@type\":\"PropertyValueSpecification\",\"valueRequired\":true,\"valueName\":\"search_term_string\"}}],\"inLanguage\":\"nl-NL\"},{\"@type\":\"Organization\",\"@id\":\"https:\/\/www.solprovit.com\/nl\/#organization\",\"name\":\"Solprovit\",\"url\":\"https:\/\/www.solprovit.com\/nl\/\",\"logo\":{\"@type\":\"ImageObject\",\"inLanguage\":\"nl-NL\",\"@id\":\"https:\/\/www.solprovit.com\/nl\/#\/schema\/logo\/image\/\",\"url\":\"https:\/\/www.solprovit.com\/wp-content\/uploads\/2021\/03\/Solprovit.svg\",\"contentUrl\":\"https:\/\/www.solprovit.com\/wp-content\/uploads\/2021\/03\/Solprovit.svg\",\"caption\":\"Solprovit\"},\"image\":{\"@id\":\"https:\/\/www.solprovit.com\/nl\/#\/schema\/logo\/image\/\"}}]}<\/script>\n<!-- \/ Yoast SEO plugin. -->","yoast_head_json":{"title":"Werken bij - Solprovit","robots":{"index":"index","follow":"follow","max-snippet":"max-snippet:-1","max-image-preview":"max-image-preview:large","max-video-preview":"max-video-preview:-1"},"canonical":"https:\/\/www.solprovit.com\/nl\/wie-wij-zijn\/werken-bij\/","og_locale":"nl_NL","og_type":"article","og_title":"Werken bij - Solprovit","og_description":"Op zoek naar een uitdagende baan binnen een dynamisch familiebedrijf met volop mogelijkheden voor eigen initiatief en ondernemerschap? Ge\u00efnteresseerd in [&hellip;]","og_url":"https:\/\/www.solprovit.com\/nl\/wie-wij-zijn\/werken-bij\/","og_site_name":"Solprovit","article_modified_time":"2026-03-27T10:34:27+00:00","twitter_card":"summary_large_image","twitter_misc":{"Geschatte leestijd":"1 minuut"},"schema":{"@context":"https:\/\/schema.org","@graph":[{"@type":"WebPage","@id":"https:\/\/www.solprovit.com\/nl\/wie-wij-zijn\/werken-bij\/","url":"https:\/\/www.solprovit.com\/nl\/wie-wij-zijn\/werken-bij\/","name":"Werken bij - Solprovit","isPartOf":{"@id":"https:\/\/www.solprovit.com\/nl\/#website"},"datePublished":"2022-08-04T09:45:21+00:00","dateModified":"2026-03-27T10:34:27+00:00","breadcrumb":{"@id":"https:\/\/www.solprovit.com\/nl\/wie-wij-zijn\/werken-bij\/#breadcrumb"},"inLanguage":"nl-NL","potentialAction":[{"@type":"ReadAction","target":["https:\/\/www.solprovit.com\/nl\/wie-wij-zijn\/werken-bij\/"]}]},{"@type":"BreadcrumbList","@id":"https:\/\/www.solprovit.com\/nl\/wie-wij-zijn\/werken-bij\/#breadcrumb","itemListElement":[{"@type":"ListItem","position":1,"name":"Home","item":"https:\/\/www.solprovit.com\/nl\/"},{"@type":"ListItem","position":2,"name":"Wie wij zijn","item":"https:\/\/www.solprovit.com\/nl\/wie-wij-zijn\/"},{"@type":"ListItem","position":3,"name":"Werken bij"}]},{"@type":"WebSite","@id":"https:\/\/www.solprovit.com\/nl\/#website","url":"https:\/\/www.solprovit.com\/nl\/","name":"Solprovit","description":"","publisher":{"@id":"https:\/\/www.solprovit.com\/nl\/#organization"},"potentialAction":[{"@type":"SearchAction","target":{"@type":"EntryPoint","urlTemplate":"https:\/\/www.solprovit.com\/nl\/?s={search_term_string}"},"query-input":{"@type":"PropertyValueSpecification","valueRequired":true,"valueName":"search_term_string"}}],"inLanguage":"nl-NL"},{"@type":"Organization","@id":"https:\/\/www.solprovit.com\/nl\/#organization","name":"Solprovit","url":"https:\/\/www.solprovit.com\/nl\/","logo":{"@type":"ImageObject","inLanguage":"nl-NL","@id":"https:\/\/www.solprovit.com\/nl\/#\/schema\/logo\/image\/","url":"https:\/\/www.solprovit.com\/wp-content\/uploads\/2021\/03\/Solprovit.svg","contentUrl":"https:\/\/www.solprovit.com\/wp-content\/uploads\/2021\/03\/Solprovit.svg","caption":"Solprovit"},"image":{"@id":"https:\/\/www.solprovit.com\/nl\/#\/schema\/logo\/image\/"}}]}},"_links":{"self":[{"href":"https:\/\/www.solprovit.com\/nl\/wp-json\/wp\/v2\/pages\/3680","targetHints":{"allow":["GET"]}}],"collection":[{"href":"https:\/\/www.solprovit.com\/nl\/wp-json\/wp\/v2\/pages"}],"about":[{"href":"https:\/\/www.solprovit.com\/nl\/wp-json\/wp\/v2\/types\/page"}],"author":[{"embeddable":true,"href":"https:\/\/www.solprovit.com\/nl\/wp-json\/wp\/v2\/users\/3"}],"replies":[{"embeddable":true,"href":"https:\/\/www.solprovit.com\/nl\/wp-json\/wp\/v2\/comments?post=3680"}],"version-history":[{"count":66,"href":"https:\/\/www.solprovit.com\/nl\/wp-json\/wp\/v2\/pages\/3680\/revisions"}],"predecessor-version":[{"id":4795,"href":"https:\/\/www.solprovit.com\/nl\/wp-json\/wp\/v2\/pages\/3680\/revisions\/4795"}],"up":[{"embeddable":true,"href":"https:\/\/www.solprovit.com\/nl\/wp-json\/wp\/v2\/pages\/2750"}],"wp:attachment":[{"href":"https:\/\/www.solprovit.com\/nl\/wp-json\/wp\/v2\/media?parent=3680"}],"curies":[{"name":"wp","href":"https:\/\/api.w.org\/{rel}","templated":true}]}}