{"id":4495,"date":"2024-04-22T13:27:45","date_gmt":"2024-04-22T12:27:45","guid":{"rendered":"https:\/\/www.solprovit.com\/?page_id=4495"},"modified":"2026-03-26T11:22:34","modified_gmt":"2026-03-26T10:22:34","slug":"open-sollicitatie","status":"publish","type":"page","link":"https:\/\/www.solprovit.com\/nl\/wie-wij-zijn\/werken-bij\/open-sollicitatie\/","title":{"rendered":"Open sollicitatie"},"content":{"rendered":"<aside>\n    <div class=\"krasitwp-block-quote pure-g\">\n        <div class=\"pure-u-1 pure-u-md-1-2 krasitwp-block-quote-text\">\n            <h1>Solprovit staat garant voor waardevol en uitdagend werk<\/h1>\n            <p>Onze aanpak kenmerkt zich in \u201cprofessionele eenvoud\u201d. Wij streven er naar om absolute professionals te zijn in alles wat we doen. De manier waarop we dit echter doen is met een voorliefde voor het simpel houden van onze denk- en werkwijze en door onnodige complexiteit te vermijden.<\/p> \n        <\/div>\n            <div class=\"pure-u-1 pure-u-md-1-2 krasitwp-block-quote-photo\" style=\"background-image:url('https:\/\/www.solprovit.com\/wp-content\/uploads\/2026\/03\/Open-sollicitatie.jpg')\"><\/div>\n        <\/div>\n<\/aside>\n\n\n<h2 class=\"wp-block-heading\"><strong>Pas jij bij ons, passen wij bij jou?<\/strong><\/h2>\n\n\n\n<p>Ben je op zoek naar een nieuwe uitdaging, ben je ge\u00efnteresseerd in een loopbaan bij Solprovit of wil je meer weten over \u00e9\u00e9n van onze vakgebieden? Solprovit is als jonge en dynamische onderneming altijd benieuwd of jij, als nieuwe collega, in het team zou kunnen passen.<\/p>\n\n\n\n<p>We nodigen je graag uit om contact met ons op te nemen als je denkt dat een loopbaan bij Solprovit past bij jouw toekomstplannen. We zitten voor je klaar om je vragen te beantwoorden en je te voorzien van tips en adviezen waar het gaat om succesvolle carri\u00e8re binnen ons vakgebied.<\/p>\n\n\n\n<h2 class=\"wp-block-heading\"><strong>Wat bieden wij?<\/strong><\/h2>\n\n\n\n<ul class=\"wp-block-list\">\n<li>Werken bij een no-nonsense familiebedrijf dat internationaal geori\u00ebnteerd is en bijdraagt aan de wereldwijde voedselvoorziening;<\/li>\n\n\n\n<li>Samenwerking met een ambitieus en enthousiast team, waar veel ruimte is voor het eigen &nbsp;initiatief en mogelijkheden om door te groeien binnen het bedrijf;<\/li>\n\n\n\n<li>Een passend salaris, een prima reiskostenvergoeding en een goed pensioen;<\/li>\n\n\n\n<li>Mogelijkheid tot overwerken in een team dat hard werkt, maar altijd in een gezonde balans met jouw priv\u00e9situatie.<em><\/em><\/li>\n<\/ul>\n\n\n\n<h2 class=\"wp-block-heading\"><strong>Ben jij degene die wij zoeken, of heb je vragen ?<\/strong><\/h2>\n\n\n\n<p>Bel \/ app met Jelle: 06 339 367 26 of stuur een mail naar: <a href=\"mailto:info@solprovit.com\">info@solprovit.com<\/a><br><em>Aquisitie n.a.v. deze vacature wordt niet op prijs gesteld!<\/em><\/p>\n","protected":false},"excerpt":{"rendered":"<p>Onze aanpak kenmerkt zich in \u201cprofessionele eenvoud\u201d. Wij streven er naar om absolute professionals te zijn in alles wat we doen.<\/p>\n","protected":false},"author":3,"featured_media":4783,"parent":3680,"menu_order":5,"comment_status":"closed","ping_status":"closed","template":"","meta":{"_acf_changed":false,"site-sidebar-layout":"default","site-content-layout":"","ast-site-content-layout":"default","site-content-style":"default","site-sidebar-style":"default","ast-global-header-display":"","ast-banner-title-visibility":"","ast-main-header-display":"","ast-hfb-above-header-display":"","ast-hfb-below-header-display":"","ast-hfb-mobile-header-display":"","site-post-title":"","ast-breadcrumbs-content":"","ast-featured-img":"","footer-sml-layout":"","ast-disable-related-posts":"","theme-transparent-header-meta":"","adv-header-id-meta":"","stick-header-meta":"","header-above-stick-meta":"","header-main-stick-meta":"","header-below-stick-meta":"","astra-migrate-meta-layouts":"set","ast-page-background-enabled":"default","ast-page-background-meta":{"desktop":{"background-color":"","background-image":"","background-repeat":"repeat","background-position":"center center","background-size":"auto","background-attachment":"scroll","background-type":"","background-media":"","overlay-type":"","overlay-color":"","overlay-opacity":"","overlay-gradient":""},"tablet":{"background-color":"","background-image":"","background-repeat":"repeat","background-position":"center center","background-size":"auto","background-attachment":"scroll","background-type":"","background-media":"","overlay-type":"","overlay-color":"","overlay-opacity":"","overlay-gradient":""},"mobile":{"background-color":"","background-image":"","background-repeat":"repeat","background-position":"center center","background-size":"auto","background-attachment":"scroll","background-type":"","background-media":"","overlay-type":"","overlay-color":"","overlay-opacity":"","overlay-gradient":""}},"ast-content-background-meta":{"desktop":{"background-color":"var(--ast-global-color-5)","background-image":"","background-repeat":"repeat","background-position":"center center","background-size":"auto","background-attachment":"scroll","background-type":"","background-media":"","overlay-type":"","overlay-color":"","overlay-opacity":"","overlay-gradient":""},"tablet":{"background-color":"var(--ast-global-color-5)","background-image":"","background-repeat":"repeat","background-position":"center center","background-size":"auto","background-attachment":"scroll","background-type":"","background-media":"","overlay-type":"","overlay-color":"","overlay-opacity":"","overlay-gradient":""},"mobile":{"background-color":"var(--ast-global-color-5)","background-image":"","background-repeat":"repeat","background-position":"center center","background-size":"auto","background-attachment":"scroll","background-type":"","background-media":"","overlay-type":"","overlay-color":"","overlay-opacity":"","overlay-gradient":""}},"footnotes":""},"class_list":["post-4495","page","type-page","status-publish","has-post-thumbnail","hentry"],"acf":[],"yoast_head":"<!-- This site is optimized with the Yoast SEO plugin v27.1.1 - https:\/\/yoast.com\/product\/yoast-seo-wordpress\/ -->\n<title>Open sollicitatie - Solprovit<\/title>\n<meta name=\"robots\" content=\"index, follow, max-snippet:-1, max-image-preview:large, max-video-preview:-1\" \/>\n<link rel=\"canonical\" href=\"https:\/\/www.solprovit.com\/nl\/wie-wij-zijn\/werken-bij\/open-sollicitatie\/\" \/>\n<meta property=\"og:locale\" content=\"nl_NL\" \/>\n<meta property=\"og:type\" content=\"article\" \/>\n<meta property=\"og:title\" content=\"Open sollicitatie - Solprovit\" \/>\n<meta property=\"og:description\" content=\"Onze aanpak kenmerkt zich in \u201cprofessionele eenvoud\u201d. Wij streven er naar om absolute professionals te zijn in alles wat we doen.\" \/>\n<meta property=\"og:url\" content=\"https:\/\/www.solprovit.com\/nl\/wie-wij-zijn\/werken-bij\/open-sollicitatie\/\" \/>\n<meta property=\"og:site_name\" content=\"Solprovit\" \/>\n<meta property=\"article:modified_time\" content=\"2026-03-26T10:22:34+00:00\" \/>\n<meta property=\"og:image\" content=\"https:\/\/www.solprovit.com\/wp-content\/uploads\/2026\/03\/Open-sollicitatie.jpg\" \/>\n\t<meta property=\"og:image:width\" content=\"600\" \/>\n\t<meta property=\"og:image:height\" content=\"450\" \/>\n\t<meta property=\"og:image:type\" content=\"image\/jpeg\" \/>\n<meta name=\"twitter:card\" content=\"summary_large_image\" \/>\n<meta name=\"twitter:label1\" content=\"Geschatte leestijd\" \/>\n\t<meta name=\"twitter:data1\" content=\"2 minuten\" \/>\n<script type=\"application\/ld+json\" class=\"yoast-schema-graph\">{\"@context\":\"https:\/\/schema.org\",\"@graph\":[{\"@type\":\"WebPage\",\"@id\":\"https:\/\/www.solprovit.com\/nl\/wie-wij-zijn\/werken-bij\/open-sollicitatie\/\",\"url\":\"https:\/\/www.solprovit.com\/nl\/wie-wij-zijn\/werken-bij\/open-sollicitatie\/\",\"name\":\"Open sollicitatie - Solprovit\",\"isPartOf\":{\"@id\":\"https:\/\/www.solprovit.com\/nl\/#website\"},\"primaryImageOfPage\":{\"@id\":\"https:\/\/www.solprovit.com\/nl\/wie-wij-zijn\/werken-bij\/open-sollicitatie\/#primaryimage\"},\"image\":{\"@id\":\"https:\/\/www.solprovit.com\/nl\/wie-wij-zijn\/werken-bij\/open-sollicitatie\/#primaryimage\"},\"thumbnailUrl\":\"https:\/\/www.solprovit.com\/wp-content\/uploads\/2026\/03\/Open-sollicitatie.jpg\",\"datePublished\":\"2024-04-22T12:27:45+00:00\",\"dateModified\":\"2026-03-26T10:22:34+00:00\",\"breadcrumb\":{\"@id\":\"https:\/\/www.solprovit.com\/nl\/wie-wij-zijn\/werken-bij\/open-sollicitatie\/#breadcrumb\"},\"inLanguage\":\"nl-NL\",\"potentialAction\":[{\"@type\":\"ReadAction\",\"target\":[\"https:\/\/www.solprovit.com\/nl\/wie-wij-zijn\/werken-bij\/open-sollicitatie\/\"]}]},{\"@type\":\"ImageObject\",\"inLanguage\":\"nl-NL\",\"@id\":\"https:\/\/www.solprovit.com\/nl\/wie-wij-zijn\/werken-bij\/open-sollicitatie\/#primaryimage\",\"url\":\"https:\/\/www.solprovit.com\/wp-content\/uploads\/2026\/03\/Open-sollicitatie.jpg\",\"contentUrl\":\"https:\/\/www.solprovit.com\/wp-content\/uploads\/2026\/03\/Open-sollicitatie.jpg\",\"width\":600,\"height\":450},{\"@type\":\"BreadcrumbList\",\"@id\":\"https:\/\/www.solprovit.com\/nl\/wie-wij-zijn\/werken-bij\/open-sollicitatie\/#breadcrumb\",\"itemListElement\":[{\"@type\":\"ListItem\",\"position\":1,\"name\":\"Home\",\"item\":\"https:\/\/www.solprovit.com\/nl\/\"},{\"@type\":\"ListItem\",\"position\":2,\"name\":\"Wie wij zijn\",\"item\":\"https:\/\/www.solprovit.com\/nl\/wie-wij-zijn\/\"},{\"@type\":\"ListItem\",\"position\":3,\"name\":\"Werken bij\",\"item\":\"https:\/\/www.solprovit.com\/nl\/wie-wij-zijn\/werken-bij\/\"},{\"@type\":\"ListItem\",\"position\":4,\"name\":\"Open sollicitatie\"}]},{\"@type\":\"WebSite\",\"@id\":\"https:\/\/www.solprovit.com\/nl\/#website\",\"url\":\"https:\/\/www.solprovit.com\/nl\/\",\"name\":\"Solprovit\",\"description\":\"\",\"publisher\":{\"@id\":\"https:\/\/www.solprovit.com\/nl\/#organization\"},\"potentialAction\":[{\"@type\":\"SearchAction\",\"target\":{\"@type\":\"EntryPoint\",\"urlTemplate\":\"https:\/\/www.solprovit.com\/nl\/?s={search_term_string}\"},\"query-input\":{\"@type\":\"PropertyValueSpecification\",\"valueRequired\":true,\"valueName\":\"search_term_string\"}}],\"inLanguage\":\"nl-NL\"},{\"@type\":\"Organization\",\"@id\":\"https:\/\/www.solprovit.com\/nl\/#organization\",\"name\":\"Solprovit\",\"url\":\"https:\/\/www.solprovit.com\/nl\/\",\"logo\":{\"@type\":\"ImageObject\",\"inLanguage\":\"nl-NL\",\"@id\":\"https:\/\/www.solprovit.com\/nl\/#\/schema\/logo\/image\/\",\"url\":\"https:\/\/www.solprovit.com\/wp-content\/uploads\/2021\/03\/Solprovit.svg\",\"contentUrl\":\"https:\/\/www.solprovit.com\/wp-content\/uploads\/2021\/03\/Solprovit.svg\",\"caption\":\"Solprovit\"},\"image\":{\"@id\":\"https:\/\/www.solprovit.com\/nl\/#\/schema\/logo\/image\/\"}}]}<\/script>\n<!-- \/ Yoast SEO plugin. -->","yoast_head_json":{"title":"Open sollicitatie - Solprovit","robots":{"index":"index","follow":"follow","max-snippet":"max-snippet:-1","max-image-preview":"max-image-preview:large","max-video-preview":"max-video-preview:-1"},"canonical":"https:\/\/www.solprovit.com\/nl\/wie-wij-zijn\/werken-bij\/open-sollicitatie\/","og_locale":"nl_NL","og_type":"article","og_title":"Open sollicitatie - Solprovit","og_description":"Onze aanpak kenmerkt zich in \u201cprofessionele eenvoud\u201d. Wij streven er naar om absolute professionals te zijn in alles wat we doen.","og_url":"https:\/\/www.solprovit.com\/nl\/wie-wij-zijn\/werken-bij\/open-sollicitatie\/","og_site_name":"Solprovit","article_modified_time":"2026-03-26T10:22:34+00:00","og_image":[{"width":600,"height":450,"url":"https:\/\/www.solprovit.com\/wp-content\/uploads\/2026\/03\/Open-sollicitatie.jpg","type":"image\/jpeg"}],"twitter_card":"summary_large_image","twitter_misc":{"Geschatte leestijd":"2 minuten"},"schema":{"@context":"https:\/\/schema.org","@graph":[{"@type":"WebPage","@id":"https:\/\/www.solprovit.com\/nl\/wie-wij-zijn\/werken-bij\/open-sollicitatie\/","url":"https:\/\/www.solprovit.com\/nl\/wie-wij-zijn\/werken-bij\/open-sollicitatie\/","name":"Open sollicitatie - Solprovit","isPartOf":{"@id":"https:\/\/www.solprovit.com\/nl\/#website"},"primaryImageOfPage":{"@id":"https:\/\/www.solprovit.com\/nl\/wie-wij-zijn\/werken-bij\/open-sollicitatie\/#primaryimage"},"image":{"@id":"https:\/\/www.solprovit.com\/nl\/wie-wij-zijn\/werken-bij\/open-sollicitatie\/#primaryimage"},"thumbnailUrl":"https:\/\/www.solprovit.com\/wp-content\/uploads\/2026\/03\/Open-sollicitatie.jpg","datePublished":"2024-04-22T12:27:45+00:00","dateModified":"2026-03-26T10:22:34+00:00","breadcrumb":{"@id":"https:\/\/www.solprovit.com\/nl\/wie-wij-zijn\/werken-bij\/open-sollicitatie\/#breadcrumb"},"inLanguage":"nl-NL","potentialAction":[{"@type":"ReadAction","target":["https:\/\/www.solprovit.com\/nl\/wie-wij-zijn\/werken-bij\/open-sollicitatie\/"]}]},{"@type":"ImageObject","inLanguage":"nl-NL","@id":"https:\/\/www.solprovit.com\/nl\/wie-wij-zijn\/werken-bij\/open-sollicitatie\/#primaryimage","url":"https:\/\/www.solprovit.com\/wp-content\/uploads\/2026\/03\/Open-sollicitatie.jpg","contentUrl":"https:\/\/www.solprovit.com\/wp-content\/uploads\/2026\/03\/Open-sollicitatie.jpg","width":600,"height":450},{"@type":"BreadcrumbList","@id":"https:\/\/www.solprovit.com\/nl\/wie-wij-zijn\/werken-bij\/open-sollicitatie\/#breadcrumb","itemListElement":[{"@type":"ListItem","position":1,"name":"Home","item":"https:\/\/www.solprovit.com\/nl\/"},{"@type":"ListItem","position":2,"name":"Wie wij zijn","item":"https:\/\/www.solprovit.com\/nl\/wie-wij-zijn\/"},{"@type":"ListItem","position":3,"name":"Werken bij","item":"https:\/\/www.solprovit.com\/nl\/wie-wij-zijn\/werken-bij\/"},{"@type":"ListItem","position":4,"name":"Open sollicitatie"}]},{"@type":"WebSite","@id":"https:\/\/www.solprovit.com\/nl\/#website","url":"https:\/\/www.solprovit.com\/nl\/","name":"Solprovit","description":"","publisher":{"@id":"https:\/\/www.solprovit.com\/nl\/#organization"},"potentialAction":[{"@type":"SearchAction","target":{"@type":"EntryPoint","urlTemplate":"https:\/\/www.solprovit.com\/nl\/?s={search_term_string}"},"query-input":{"@type":"PropertyValueSpecification","valueRequired":true,"valueName":"search_term_string"}}],"inLanguage":"nl-NL"},{"@type":"Organization","@id":"https:\/\/www.solprovit.com\/nl\/#organization","name":"Solprovit","url":"https:\/\/www.solprovit.com\/nl\/","logo":{"@type":"ImageObject","inLanguage":"nl-NL","@id":"https:\/\/www.solprovit.com\/nl\/#\/schema\/logo\/image\/","url":"https:\/\/www.solprovit.com\/wp-content\/uploads\/2021\/03\/Solprovit.svg","contentUrl":"https:\/\/www.solprovit.com\/wp-content\/uploads\/2021\/03\/Solprovit.svg","caption":"Solprovit"},"image":{"@id":"https:\/\/www.solprovit.com\/nl\/#\/schema\/logo\/image\/"}}]}},"_links":{"self":[{"href":"https:\/\/www.solprovit.com\/nl\/wp-json\/wp\/v2\/pages\/4495","targetHints":{"allow":["GET"]}}],"collection":[{"href":"https:\/\/www.solprovit.com\/nl\/wp-json\/wp\/v2\/pages"}],"about":[{"href":"https:\/\/www.solprovit.com\/nl\/wp-json\/wp\/v2\/types\/page"}],"author":[{"embeddable":true,"href":"https:\/\/www.solprovit.com\/nl\/wp-json\/wp\/v2\/users\/3"}],"replies":[{"embeddable":true,"href":"https:\/\/www.solprovit.com\/nl\/wp-json\/wp\/v2\/comments?post=4495"}],"version-history":[{"count":5,"href":"https:\/\/www.solprovit.com\/nl\/wp-json\/wp\/v2\/pages\/4495\/revisions"}],"predecessor-version":[{"id":4785,"href":"https:\/\/www.solprovit.com\/nl\/wp-json\/wp\/v2\/pages\/4495\/revisions\/4785"}],"up":[{"embeddable":true,"href":"https:\/\/www.solprovit.com\/nl\/wp-json\/wp\/v2\/pages\/3680"}],"wp:featuredmedia":[{"embeddable":true,"href":"https:\/\/www.solprovit.com\/nl\/wp-json\/wp\/v2\/media\/4783"}],"wp:attachment":[{"href":"https:\/\/www.solprovit.com\/nl\/wp-json\/wp\/v2\/media?parent=4495"}],"curies":[{"name":"wp","href":"https:\/\/api.w.org\/{rel}","templated":true}]}}